{"id":9,"date":"2026-01-19T17:58:01","date_gmt":"2026-01-19T17:58:01","guid":{"rendered":"https:\/\/halc.pt\/?page_id=9"},"modified":"2026-02-27T16:11:26","modified_gmt":"2026-02-27T16:11:26","slug":"inicio","status":"publish","type":"page","link":"https:\/\/halc.pt\/","title":{"rendered":"In\u00edcio"},"content":{"rendered":"\n<p><strong>Da fotografia \u00e0s viagens, da dom\u00f3tica \u00e0 montagem de servidores, passando pelos pequenos trabalhos do dia a dia de quem gosta de aprender fazendo \u2014 aqui encontra alguns exemplos do que tenho feito e aprendido ao longo da minha vida.<\/strong><\/p>\n\n\n\n<p><\/p>\n","protected":false},"excerpt":{"rendered":"<p>Da fotografia \u00e0s viagens, da dom\u00f3tica \u00e0 montagem de servidores, passando pelos pequenos trabalhos do dia a dia de quem gosta de aprender fazendo \u2014 aqui encontra alguns exemplos do que tenho feito e aprendido ao longo da minha vida.<\/p>\n","protected":false},"author":1,"featured_media":0,"parent":0,"menu_order":0,"comment_status":"closed","ping_status":"closed","template":"","meta":{"footnotes":""},"class_list":["post-9","page","type-page","status-publish","hentry"],"_links":{"self":[{"href":"https:\/\/halc.pt\/index.php\/wp-json\/wp\/v2\/pages\/9","targetHints":{"allow":["GET"]}}],"collection":[{"href":"https:\/\/halc.pt\/index.php\/wp-json\/wp\/v2\/pages"}],"about":[{"href":"https:\/\/halc.pt\/index.php\/wp-json\/wp\/v2\/types\/page"}],"author":[{"embeddable":true,"href":"https:\/\/halc.pt\/index.php\/wp-json\/wp\/v2\/users\/1"}],"replies":[{"embeddable":true,"href":"https:\/\/halc.pt\/index.php\/wp-json\/wp\/v2\/comments?post=9"}],"version-history":[{"count":5,"href":"https:\/\/halc.pt\/index.php\/wp-json\/wp\/v2\/pages\/9\/revisions"}],"predecessor-version":[{"id":42,"href":"https:\/\/halc.pt\/index.php\/wp-json\/wp\/v2\/pages\/9\/revisions\/42"}],"wp:attachment":[{"href":"https:\/\/halc.pt\/index.php\/wp-json\/wp\/v2\/media?parent=9"}],"curies":[{"name":"wp","href":"https:\/\/api.w.org\/{rel}","templated":true}]}}