{"id":10,"date":"2026-01-19T17:58:01","date_gmt":"2026-01-19T17:58:01","guid":{"rendered":"https:\/\/halc.pt\/?page_id=10"},"modified":"2026-02-27T16:07:19","modified_gmt":"2026-02-27T16:07:19","slug":"sobre","status":"publish","type":"page","link":"https:\/\/halc.pt\/index.php\/sobre\/","title":{"rendered":"Sobre"},"content":{"rendered":"\n<p>A programa\u00e7\u00e3o \u00e9 uma \u00e1rea onde j\u00e1 fiz carreira, mas que atualmente pratico menos; assim, junto o \u00fatil ao agrad\u00e1vel, explorando novas linguagens e diferentes formas de criar e aprender.<\/p>\n","protected":false},"excerpt":{"rendered":"<p>A programa\u00e7\u00e3o \u00e9 uma \u00e1rea onde j\u00e1 fiz carreira, mas que atualmente pratico menos; assim, junto o \u00fatil ao agrad\u00e1vel, explorando novas linguagens e diferentes formas de criar e aprender.<\/p>\n","protected":false},"author":1,"featured_media":45,"parent":0,"menu_order":0,"comment_status":"closed","ping_status":"closed","template":"","meta":{"footnotes":""},"class_list":["post-10","page","type-page","status-publish","has-post-thumbnail","hentry"],"_links":{"self":[{"href":"https:\/\/halc.pt\/index.php\/wp-json\/wp\/v2\/pages\/10","targetHints":{"allow":["GET"]}}],"collection":[{"href":"https:\/\/halc.pt\/index.php\/wp-json\/wp\/v2\/pages"}],"about":[{"href":"https:\/\/halc.pt\/index.php\/wp-json\/wp\/v2\/types\/page"}],"author":[{"embeddable":true,"href":"https:\/\/halc.pt\/index.php\/wp-json\/wp\/v2\/users\/1"}],"replies":[{"embeddable":true,"href":"https:\/\/halc.pt\/index.php\/wp-json\/wp\/v2\/comments?post=10"}],"version-history":[{"count":2,"href":"https:\/\/halc.pt\/index.php\/wp-json\/wp\/v2\/pages\/10\/revisions"}],"predecessor-version":[{"id":37,"href":"https:\/\/halc.pt\/index.php\/wp-json\/wp\/v2\/pages\/10\/revisions\/37"}],"wp:featuredmedia":[{"embeddable":true,"href":"https:\/\/halc.pt\/index.php\/wp-json\/wp\/v2\/media\/45"}],"wp:attachment":[{"href":"https:\/\/halc.pt\/index.php\/wp-json\/wp\/v2\/media?parent=10"}],"curies":[{"name":"wp","href":"https:\/\/api.w.org\/{rel}","templated":true}]}}